{"id":1126,"date":"2019-12-15T20:52:09","date_gmt":"2019-12-15T20:52:09","guid":{"rendered":"https:\/\/go4greenhealth.com\/?page_id=1126"},"modified":"2025-07-24T14:37:32","modified_gmt":"2025-07-24T14:37:32","slug":"filmposts","status":"publish","type":"page","link":"https:\/\/go4greenhealth.com\/?page_id=1126","title":{"rendered":"SALUD VERDE"},"content":{"rendered":"\n<h2 class=\"wp-block-heading\">Gemeinsam forschen, gemeinsam wachsen!<\/h2>\n\n\n\n<figure class=\"wp-block-embed is-type-video is-provider-youtube wp-block-embed-youtube wp-embed-aspect-16-9 wp-has-aspect-ratio\"><div class=\"wp-block-embed__wrapper\">\n<iframe title=\"Intro Green4Health erika\" width=\"843\" height=\"474\" src=\"https:\/\/www.youtube.com\/embed\/2AjrjASXbm0?feature=oembed\" frameborder=\"0\" allow=\"accelerometer; autoplay; clipboard-write; encrypted-media; gyroscope; picture-in-picture; web-share\" referrerpolicy=\"strict-origin-when-cross-origin\" allowfullscreen><\/iframe>\n<\/div><\/figure>\n\n\n\n<div class=\"wp-block-uagb-advanced-heading uagb-block-039159e1\"><h2 class=\"uagb-heading-text\">Wissensaustausch kennt keine Grenzen<\/h2><\/div>\n\n\n\n<p>Wir danken Dr. Ina Knobloch f\u00fcr ihre Unterst\u00fctzung in diesem vision\u00e4ren Projekt.<\/p>\n\n\n\n<figure class=\"wp-block-embed is-type-video is-provider-youtube wp-block-embed-youtube wp-embed-aspect-16-9 wp-has-aspect-ratio\"><div class=\"wp-block-embed__wrapper\">\n<iframe title=\"go 4 green health\" width=\"843\" height=\"474\" src=\"https:\/\/www.youtube.com\/embed\/s30RSKoIs2o?feature=oembed\" frameborder=\"0\" allow=\"accelerometer; autoplay; clipboard-write; encrypted-media; gyroscope; picture-in-picture; web-share\" referrerpolicy=\"strict-origin-when-cross-origin\" allowfullscreen><\/iframe>\n<\/div><\/figure>\n\n\n\n<p>Agradecemos a la Dra. Ina Knobloch por su apoyo en nuestro proyecto. Nous remercions le Dr. Ina Knobloch pour son soutien \u00e0 notre projet.<\/p>\n\n\n\n<h2 class=\"wp-block-heading\"><\/h2>\n","protected":false},"excerpt":{"rendered":"<p>Gemeinsam forschen, gemeinsam wachsen! Wissensaustausch kennt keine Grenzen Wir danken Dr. Ina Knobloch f\u00fcr ihre Unterst\u00fctzung in diesem vision\u00e4ren Projekt. Agradecemos a la Dra. Ina&hellip;<\/p>\n","protected":false},"author":1,"featured_media":0,"parent":0,"menu_order":12,"comment_status":"closed","ping_status":"closed","template":"","meta":{"_uag_custom_page_level_css":"","footnotes":""},"class_list":["post-1126","page","type-page","status-publish","hentry"],"uagb_featured_image_src":{"full":false,"thumbnail":false,"medium":false,"medium_large":false,"large":false,"1536x1536":false,"2048x2048":false,"woocommerce_thumbnail":false,"woocommerce_single":false,"woocommerce_gallery_thumbnail":false},"uagb_author_info":{"display_name":"go4greenhealth","author_link":"https:\/\/go4greenhealth.com\/?author=1"},"uagb_comment_info":0,"uagb_excerpt":"Gemeinsam forschen, gemeinsam wachsen! Wissensaustausch kennt keine Grenzen Wir danken Dr. Ina Knobloch f\u00fcr ihre Unterst\u00fctzung in diesem vision\u00e4ren Projekt. Agradecemos a la Dra. Ina&hellip;","_links":{"self":[{"href":"https:\/\/go4greenhealth.com\/index.php?rest_route=\/wp\/v2\/pages\/1126","targetHints":{"allow":["GET"]}}],"collection":[{"href":"https:\/\/go4greenhealth.com\/index.php?rest_route=\/wp\/v2\/pages"}],"about":[{"href":"https:\/\/go4greenhealth.com\/index.php?rest_route=\/wp\/v2\/types\/page"}],"author":[{"embeddable":true,"href":"https:\/\/go4greenhealth.com\/index.php?rest_route=\/wp\/v2\/users\/1"}],"replies":[{"embeddable":true,"href":"https:\/\/go4greenhealth.com\/index.php?rest_route=%2Fwp%2Fv2%2Fcomments&post=1126"}],"version-history":[{"count":25,"href":"https:\/\/go4greenhealth.com\/index.php?rest_route=\/wp\/v2\/pages\/1126\/revisions"}],"predecessor-version":[{"id":4267,"href":"https:\/\/go4greenhealth.com\/index.php?rest_route=\/wp\/v2\/pages\/1126\/revisions\/4267"}],"wp:attachment":[{"href":"https:\/\/go4greenhealth.com\/index.php?rest_route=%2Fwp%2Fv2%2Fmedia&parent=1126"}],"curies":[{"name":"wp","href":"https:\/\/api.w.org\/{rel}","templated":true}]}}