{"id":483,"date":"2019-12-07T23:34:21","date_gmt":"2019-12-07T23:34:21","guid":{"rendered":"https:\/\/go4greenhealth.com\/?page_id=483"},"modified":"2024-01-25T15:27:56","modified_gmt":"2024-01-25T15:27:56","slug":"donations","status":"publish","type":"page","link":"https:\/\/go4greenhealth.com\/?page_id=483","title":{"rendered":"APOYAR"},"content":{"rendered":"\n<div class=\"wp-block-columns alignfull is-layout-flex wp-container-core-columns-is-layout-9d6595d7 wp-block-columns-is-layout-flex\">\n<div class=\"wp-block-column is-vertically-aligned-top is-layout-flow wp-block-column-is-layout-flow\"><div class=\"wp-block-image\">\n<figure class=\"aligncenter size-large is-resized\"><img data-opt-id=669672146  fetchpriority=\"high\" decoding=\"async\" src=\"https:\/\/mll4qnbxpbq1.i.optimole.com\/w:auto\/h:auto\/q:mauto\/f:best\/https:\/\/go4greenhealth.com\/wp-content\/uploads\/2024\/01\/Salud-Verde.gif\" alt=\"\" style=\"width:384px;height:auto\"\/><\/figure>\n<\/div><\/div>\n<\/div>\n\n\n\n<p><strong>\u00a1Haz tu inversi\u00f3n hoy!<\/strong><\/p>\n\n\n\n<p>\u00danete a nosotros. Invierte en un futuro donde las plantas no solo curan a las personas, sino tambi\u00e9n al planeta.<\/p>\n\n\n\n<p>\u00a1Hola! Soy Erika la creadora de este proyecto \u00fanico que fusiona la sabidur\u00eda ancestral y la tecnolog\u00eda para revolucionar la medicina sostenible.<\/p>\n\n\n\n<p>Necesitamos tu apoyo para hacer esto realidad. Cada inversi\u00f3n significa pasos concretos: videos educativos, investigaci\u00f3n y medicamentos que sanan y protegen nuestro ecosistema.<\/p>\n\n\n\n<hr class=\"wp-block-separator has-alpha-channel-opacity\"\/>\n\n\n\n<p><strong>Join us. <\/strong><\/p>\n\n\n\n<p>Invest in a future where plants not only heal people but also the planet.<\/p>\n\n\n\n<p>Hello! I&#8217;m Erika, the creator of this unique project that blends ancestral wisdom and technology to revolutionize sustainable medicine.<\/p>\n\n\n\n<p>I need your support to make this a reality. Each investment means concrete steps: educational videos, research, and medicines that heal and protect our ecosystem.<\/p>\n\n\n\n<hr class=\"wp-block-separator has-alpha-channel-opacity\"\/>\n\n\n\n<p><strong>Schlie\u00df dich uns an.<\/strong><\/p>\n\n\n\n<p>Investiere in eine Zukunft, in der Pflanzen nicht nur Menschen, sondern auch unseren Planeten heilen.<\/p>\n\n\n\n<p>Hallo! Ich bin Erika, die Sch\u00f6pferin dieses einzigartigen Projekts, das altes Wissen und moderne Technologie vereint, um die nachhaltige Medizin zu revolutionieren.<\/p>\n\n\n\n<p>Deine Unterst\u00fctzung ist entscheidend, um dies Realit\u00e4t werden zu lassen. Jede Investition bedeutet konkrete Fortschritte: Aufkl\u00e4rende Videos, Forschung und Medikamente, die unser \u00d6kosystem heilen und sch\u00fctzen.<\/p>\n\n\n\n<hr class=\"wp-block-separator has-alpha-channel-opacity\"\/>\n\n\n\n<p><strong>Rejoignez-nous.<\/strong><\/p>\n\n\n\n<p>Investissez dans un avenir o\u00f9 les plantes gu\u00e9rissent non seulement les gens mais aussi la plan\u00e8te.<\/p>\n\n\n\n<p>Bonjour ! Je suis Erika, la cr\u00e9atrice de ce projet unique qui allie la sagesse ancestrale et la technologie pour r\u00e9volutionner la m\u00e9decine durable.<\/p>\n\n\n\n<p>J&#8217;ai besoin de votre soutien pour concr\u00e9tiser cela. Chaque investissement signifie des \u00e9tapes concr\u00e8tes : des vid\u00e9os \u00e9ducatives, des recherches et des m\u00e9dicaments qui gu\u00e9rissent et prot\u00e8gent notre \u00e9cosyst\u00e8me.<\/p>\n","protected":false},"excerpt":{"rendered":"<p>\u00a1Haz tu inversi\u00f3n hoy! \u00danete a nosotros. Invierte en un futuro donde las plantas no solo curan a las personas, sino tambi\u00e9n al planeta. \u00a1Hola!&hellip;<\/p>\n","protected":false},"author":1,"featured_media":0,"parent":0,"menu_order":6,"comment_status":"closed","ping_status":"closed","template":"","meta":{"_uag_custom_page_level_css":"","footnotes":""},"class_list":["post-483","page","type-page","status-publish","hentry"],"uagb_featured_image_src":{"full":false,"thumbnail":false,"medium":false,"medium_large":false,"large":false,"1536x1536":false,"2048x2048":false,"woocommerce_thumbnail":false,"woocommerce_single":false,"woocommerce_gallery_thumbnail":false},"uagb_author_info":{"display_name":"go4greenhealth","author_link":"https:\/\/go4greenhealth.com\/?author=1"},"uagb_comment_info":0,"uagb_excerpt":"\u00a1Haz tu inversi\u00f3n hoy! \u00danete a nosotros. Invierte en un futuro donde las plantas no solo curan a las personas, sino tambi\u00e9n al planeta. \u00a1Hola!&hellip;","_links":{"self":[{"href":"https:\/\/go4greenhealth.com\/index.php?rest_route=\/wp\/v2\/pages\/483","targetHints":{"allow":["GET"]}}],"collection":[{"href":"https:\/\/go4greenhealth.com\/index.php?rest_route=\/wp\/v2\/pages"}],"about":[{"href":"https:\/\/go4greenhealth.com\/index.php?rest_route=\/wp\/v2\/types\/page"}],"author":[{"embeddable":true,"href":"https:\/\/go4greenhealth.com\/index.php?rest_route=\/wp\/v2\/users\/1"}],"replies":[{"embeddable":true,"href":"https:\/\/go4greenhealth.com\/index.php?rest_route=%2Fwp%2Fv2%2Fcomments&post=483"}],"version-history":[{"count":53,"href":"https:\/\/go4greenhealth.com\/index.php?rest_route=\/wp\/v2\/pages\/483\/revisions"}],"predecessor-version":[{"id":4212,"href":"https:\/\/go4greenhealth.com\/index.php?rest_route=\/wp\/v2\/pages\/483\/revisions\/4212"}],"wp:attachment":[{"href":"https:\/\/go4greenhealth.com\/index.php?rest_route=%2Fwp%2Fv2%2Fmedia&parent=483"}],"curies":[{"name":"wp","href":"https:\/\/api.w.org\/{rel}","templated":true}]}}